{"id":11081,"date":"2024-12-13T14:42:38","date_gmt":"2024-12-13T12:42:38","guid":{"rendered":"https:\/\/geoecomar.ro\/accesibilitate\/"},"modified":"2026-04-17T13:51:47","modified_gmt":"2026-04-17T10:51:47","slug":"accesibilitate","status":"publish","type":"page","link":"https:\/\/geoecomar.ro\/en\/accesibilitate\/","title":{"rendered":"Accesibilitate"},"content":{"rendered":"\n<div class=\"et_pb_section_0 et_pb_section et_section_regular et_block_section\"><div class=\"et_pb_row_0 et_pb_row et_block_row\"><div class=\"et_pb_column_0 et_pb_column et_pb_column_1_2 et_block_column et_pb_css_mix_blend_mode_passthrough\"><div class=\"et_pb_text_0 et_pb_text et_pb_bg_layout_light et_pb_module et_block_module\"><div class=\"et_pb_text_inner\"><h2>Date de contact<\/h2>\n<\/div><\/div><div class=\"et_pb_text_1 et_pb_text et_pb_bg_layout_light et_pb_module et_block_module\"><div class=\"et_pb_text_inner\"><p>Pentru orice observa\u021bii \/ sesiz\u0103ri v\u0103 rug\u0103m s\u0103 ne contacta\u021bi la urm\u0103toarele date de contact:<\/p>\n<p>&nbsp;<\/p>\n<ul>\n<li>Responsabil: Cristian CUDALBU<\/li>\n<li>Email: <a href=\"mailto:accesibilitate@geoecomar.ro\">accesibilitate@geoecomar.ro<\/a><\/li>\n<\/ul>\n<\/div><\/div><div class=\"et_pb_text_2 et_pb_text et_pb_bg_layout_light et_pb_module et_block_module\"><div class=\"et_pb_text_inner\"><h2>Autoritatea responsabil\u0103<\/h2>\n<\/div><\/div><div class=\"et_pb_image_0 et_pb_image et_pb_module et_block_module\"><a href=\"https:\/\/www.adr.gov.ro\"><span class=\"et_pb_image_wrap\"><img loading=\"lazy\" decoding=\"async\" src=\"https:\/\/geoecomar.ro\/beta\/wp-content\/uploads\/2020\/11\/cropped-adr-gov-logo-1-1-300x83.png\" width=\"300\" height=\"83\" srcset=\"https:\/\/geoecomar.ro\/beta\/wp-content\/uploads\/2020\/11\/cropped-adr-gov-logo-1-1-300x83.png 300w\" class=\"wp-image-9423\" title=\"cropped-adr-gov-logo-1-1\" \/><\/span><\/a><\/div><div class=\"et_pb_text_3 et_pb_text et_pb_bg_layout_light et_pb_module et_block_module\"><div class=\"et_pb_text_inner\"><ul>\n<li><a href=\"https:\/\/www.adr.gov.ro\" target=\"_blank\" rel=\"noopener\">adr.gov.ro<\/a><\/li>\n<\/ul>\n<\/div><\/div><\/div><div class=\"et_pb_column_1 et_pb_column et_pb_column_1_2 et-last-child et_block_column et_pb_css_mix_blend_mode_passthrough\"><div class=\"et_pb_text_4 et_pb_text et_pb_bg_layout_light et_pb_module et_block_module\"><div class=\"et_pb_text_inner\"><h2>Declara\u021bii<\/h2>\n<\/div><\/div><div class=\"et_pb_text_5 et_pb_text et_pb_bg_layout_light et_pb_module et_block_module\"><div class=\"et_pb_text_inner\"><ul>\n<li><a href=\"#\" target=\"_blank\" rel=\"noopener\">Declara\u021bie de conformitate (2024)<\/a>\n<ul>\n<li><a href=\"#\">Raport accessScan (home<\/a>)<\/li>\n<li><a href=\"#\">Raport accessScan (proiecte)<\/a><\/li>\n<\/ul>\n<\/li>\n<\/ul>\n<\/div><\/div><\/div><\/div><\/div>\n","protected":false},"excerpt":{"rendered":"","protected":false},"author":1,"featured_media":0,"parent":0,"menu_order":0,"comment_status":"closed","ping_status":"closed","template":"","meta":{"_acf_changed":false,"footnotes":""},"class_list":["post-11081","page","type-page","status-publish","hentry"],"acf":[],"_links":{"self":[{"href":"https:\/\/geoecomar.ro\/en\/wp-json\/wp\/v2\/pages\/11081","targetHints":{"allow":["GET"]}}],"collection":[{"href":"https:\/\/geoecomar.ro\/en\/wp-json\/wp\/v2\/pages"}],"about":[{"href":"https:\/\/geoecomar.ro\/en\/wp-json\/wp\/v2\/types\/page"}],"author":[{"embeddable":true,"href":"https:\/\/geoecomar.ro\/en\/wp-json\/wp\/v2\/users\/1"}],"replies":[{"embeddable":true,"href":"https:\/\/geoecomar.ro\/en\/wp-json\/wp\/v2\/comments?post=11081"}],"version-history":[{"count":5,"href":"https:\/\/geoecomar.ro\/en\/wp-json\/wp\/v2\/pages\/11081\/revisions"}],"predecessor-version":[{"id":14210,"href":"https:\/\/geoecomar.ro\/en\/wp-json\/wp\/v2\/pages\/11081\/revisions\/14210"}],"wp:attachment":[{"href":"https:\/\/geoecomar.ro\/en\/wp-json\/wp\/v2\/media?parent=11081"}],"curies":[{"name":"wp","href":"https:\/\/api.w.org\/{rel}","templated":true}]}}