{"id":11858,"date":"2025-07-28T10:41:20","date_gmt":"2025-07-28T07:41:20","guid":{"rendered":"https:\/\/geoecomar.ro\/?page_id=11858"},"modified":"2026-04-17T13:51:59","modified_gmt":"2026-04-17T10:51:59","slug":"geo-eco-marina","status":"publish","type":"page","link":"https:\/\/geoecomar.ro\/en\/publications\/geo-eco-marina\/","title":{"rendered":"Revista Geo-Eco-Marina a INCD GeoEcoMar"},"content":{"rendered":"\n<div class=\"et_pb_section_0 et_pb_section et_section_regular et_block_section\"><div class=\"et_pb_row_0 et_pb_row et_pb_equal_columns et_block_row\"><div class=\"et_pb_column_0 et_pb_column et_pb_column_2_5 et_block_column et_pb_css_mix_blend_mode_passthrough\"><div class=\"et_pb_image_0 et_pb_image et_pb_module et_block_module\"><span class=\"et_pb_image_wrap\"><img loading=\"lazy\" decoding=\"async\" src=\"https:\/\/geoecomar.ro\/beta\/wp-content\/uploads\/2020\/12\/geoecomarina-logo.png\" width=\"589\" height=\"98\" srcset=\"https:\/\/geoecomar.ro\/beta\/wp-content\/uploads\/2020\/12\/geoecomarina-logo.png 589w, https:\/\/geoecomar.ro\/beta\/wp-content\/uploads\/2020\/12\/geoecomarina-logo-480x80.png 480w\" sizes=\"(min-width: 0px) and (max-width: 480px) 480px, (min-width: 481px) 589px, 100vw\" class=\"wp-image-5192\" title=\"geoecomarina-logo\" \/><\/span><\/div><div class=\"et_pb_text_0 et_pb_text et_pb_bg_layout_light et_pb_module et_block_module\"><div class=\"et_pb_text_inner\"><p><strong>ISSN: <\/strong>2248\u20132776<strong><br \/>ISSN-L:<\/strong> 1224\u20136808<\/p>\n<\/div><\/div><div class=\"et_pb_text_1 et_pb_text et_pb_bg_layout_light et_pb_module et_block_module et_pb_text_align_justified\"><div class=\"et_pb_text_inner\"><p>Geo-Eco-Marina is a scientific journal that appears annually starting with 1996. The journal publishes results of geological and geophysical research on ancient and modern marine and fluvial environment.<\/p>\n<p>In order to ensure a high quality standard, the scientific papers are peer-reviewed. Therefore we are waiting to publish your scientific contributions. We are looking forward for your comments on papers already published that are freely available on our site.<\/p>\n<\/div><\/div><div class=\"et_pb_module et_pb_button_module_wrapper et_pb_button_0_wrapper\"><a class=\"et_pb_button_0 et_pb_button et_pb_bg_layout_light et_pb_module et_block_module\" href=\"https:\/\/geoecomar.ro\/beta\/wp-content\/uploads\/2020\/11\/GeoEcoMarina_Instructiuni_trimitere_materiale_RO_rev_2.docx\" data-icon=\"l\">Submit Materials<\/a><\/div><div class=\"et_pb_module et_pb_button_module_wrapper et_pb_button_1_wrapper\"><a class=\"et_pb_button_1 et_pb_button et_pb_bg_layout_light et_pb_module et_block_module\" href=\"http:\/\/journal.geoecomar.ro\/geo-eco-marina\/\" target=\"_blank\">Website Geo-Eco-Marina<\/a><\/div><div class=\"et_pb_text_2 et_pb_text et_pb_bg_layout_light et_pb_module et_block_module\"><div class=\"et_pb_text_inner\"><h3>Editors-in-Chief:<\/h3>\n<ul>\n<li class=\"BT_detalii\"><strong>Prof. Dr. Nicolae PANIN - Bucharest, RO<\/strong><br \/>Member of the Romanian Academy<\/li>\n<\/ul>\n<h3>Editorial Board:<\/h3>\n<ul class=\"personal-mic\">\n<li class=\"in_lista\"><strong>Prof. How Kin WONG<\/strong>\u00a0- Hamburg, Germany<\/li>\n<li class=\"in_lista\"><strong>Prof. Jean-Marie MARTIN<\/strong>\u00a0- Varese, Italy<\/li>\n<li class=\"in_lista\"><strong>Dr. Gilles LERICOLAIS<\/strong>\u00a0- Brest, France<\/li>\n<li class=\"in_lista\"><strong>Dr. Franco MARABINI<\/strong>\u00a0- Bologna, Italy<\/li>\n<li class=\"in_lista\"><strong>Dr. Georg UMGIESSER<\/strong>\u00a0- Venice, Italy<\/li>\n<li class=\"in_lista\"><strong>Dr. Andrew PETTER<\/strong>\u00a0- Minnesota, USA<\/li>\n<li class=\"in_lista\"><strong>Dr. Cornel OLARIU<\/strong>\u00a0- Austin, USA<\/li>\n<li class=\"in_lista\"><strong>Dr. Claudia STRECHIE-SLIWINSKI<\/strong>\u00a0- Peachtree City, USA<\/li>\n<li><span class=\"BT_detalii\"><strong>Dr. Adrian STANICA<\/strong> - Bucharest, RO<\/span><\/li>\n<li><span class=\"BT_detalii\"><strong>Dr. Silviu RADAN<\/strong> - Bucharest, RO<\/span><\/li>\n<li><span class=\"BT_detalii\"><strong>Dr. Constantin Stefan SAVA<\/strong> - Bucharest, RO<\/span><\/li>\n<li class=\"show\"><span class=\"BT_detalii\"><strong>Dr. Gheorghe Viorel UNGUREANU<\/strong> - Bucharest, RO<\/span><\/li>\n<li class=\"show\"><span class=\"BT_detalii\"><strong>Dr. Dan Lucian VASILIU<\/strong> - Constanta, RO<\/span><\/li>\n<li><span class=\"BT_detalii\"><strong>Dr. Titus BRUSTUR<\/strong> - Bucharest, RO<\/span><\/li>\n<\/ul>\n<h3>Managing Editor:<\/h3>\n<ul class=\"personal-mic\">\n<li><strong><span class=\"BT_detalii\">Prof. Dr. Habil. Mihaela C. Melinte-Dobrinescu<\/span><\/strong><\/li>\n<\/ul>\n<h3>Desktop Publishing:<\/h3>\n<ul class=\"personal-mic\">\n<li><strong><span class=\"BT_detalii\">Carmen BIRIS<\/span><\/strong><\/li>\n<\/ul>\n<\/div><\/div><div class=\"et_pb_text_3 et_pb_text et_pb_bg_layout_light et_pb_module et_block_module et_pb_text_align_center\"><\/div><\/div><div class=\"et_pb_column_1 et_pb_column et_pb_column_3_5 et-last-child et_block_column et_pb_css_mix_blend_mode_passthrough\"><div class=\"et_pb_text_4 et_pb_text et_pb_bg_layout_light et_pb_module et_block_module et_pb_text_align_center-phone\"><div class=\"et_pb_text_inner\"><h2>Current Issue:<\/h2>\n<h3>Geo-Eco-Marina No.31 \/ 2025<\/h3>\n<\/div><\/div><div class=\"et_pb_image_1 et_pb_image et_pb_module et_block_module\"><span class=\"et_pb_image_wrap\"><img loading=\"lazy\" decoding=\"async\" src=\"https:\/\/geoecomar.ro\/beta\/wp-content\/uploads\/2025\/12\/Coperta-geoecomar-2025.jpg\" width=\"499\" height=\"719\" srcset=\"https:\/\/geoecomar.ro\/beta\/wp-content\/uploads\/2025\/12\/Coperta-geoecomar-2025.jpg 499w, https:\/\/geoecomar.ro\/beta\/wp-content\/uploads\/2025\/12\/Coperta-geoecomar-2025-480x692.jpg 480w\" sizes=\"(min-width: 0px) and (max-width: 480px) 480px, (min-width: 481px) 499px, 100vw\" class=\"wp-image-13494\" title=\"Coperta-geoecomar-2025\" \/><\/span><\/div><div class=\"et_pb_text_5 et_pb_text et_pb_bg_layout_light et_pb_module et_block_module\"><div class=\"et_pb_text_inner\"><div id=\"zona_de_documente\"><h2>Articles<\/h2><table class=\"fisiere\"><tr><td><p><span class=\"dashicons dashicons-media-document\"><\/span><a href=\"https:\/\/geoecomar.ro\/beta\/wp-content\/uploads\/2025\/12\/00_001_004_CONTENTS.pdf\" target=\"_blank\">Tabel of contents (200.62 KB)<\/a><\/p><p><\/p><\/td><td><a href=\"https:\/\/geoecomar.ro\/beta\/wp-content\/uploads\/2025\/12\/00_001_004_CONTENTS.pdf\" target=\"_blank\"> <span class=\"dashicons dashicons-download\"><\/span><\/a><\/td><\/tr><tr><td><p><span class=\"dashicons dashicons-media-document\"><\/span><a href=\"https:\/\/geoecomar.ro\/beta\/wp-content\/uploads\/2025\/12\/01_005_028_SHORELINE-DYNAMICS-OF-THE-DANUBE-DELTA-2016-2023-MEASURED-USING-GNSS-RTK-TECHNOLOGY.pdf\" target=\"_blank\">Shoreline Dynamics of the Danube Delta (2016\u20132023) Measured Using GNSS-RTK Technology (5.81 MB)<\/a><\/p><p>Maria-Smaranda IONESCU, Adriana-Maria CONSTANTINESCU, Adrian GHERGHE, Alexandru PANIN, Albert SCRIECIU, Sabin ROTARU, Cristian TEODORU, Roberta CASTELLANO, Viorel-Gheorghe G. UNGUREANU, Adrian ST\u0102NIC\u0102<\/p><\/td><td><a href=\"https:\/\/geoecomar.ro\/beta\/wp-content\/uploads\/2025\/12\/01_005_028_SHORELINE-DYNAMICS-OF-THE-DANUBE-DELTA-2016-2023-MEASURED-USING-GNSS-RTK-TECHNOLOGY.pdf\" target=\"_blank\"> <span class=\"dashicons dashicons-download\"><\/span><\/a><\/td><\/tr><tr><td><p><span class=\"dashicons dashicons-media-document\"><\/span><a href=\"https:\/\/geoecomar.ro\/beta\/wp-content\/uploads\/2025\/12\/02_029_038_STORM-INDUCED-VARIABILITY-OF-LONGSHORE-SEDIMENT-TRANSPORT-IN-BOU-ISMAIL-BAY-ALGERIA.pdf\" target=\"_blank\">Storm-Induced Variability of Longshore Sediment Transport in Bou-Ismail Bay, Algeria (2.98 MB)<\/a><\/p><p>Abd El Alim DAHMAN, Yousra SALEM-CHERIF, Miloud SALLAYE, Redouane BOURKACHE, Sidahmed BENZERFA, Khoudir MEZOUAR<\/p><\/td><td><a href=\"https:\/\/geoecomar.ro\/beta\/wp-content\/uploads\/2025\/12\/02_029_038_STORM-INDUCED-VARIABILITY-OF-LONGSHORE-SEDIMENT-TRANSPORT-IN-BOU-ISMAIL-BAY-ALGERIA.pdf\" target=\"_blank\"> <span class=\"dashicons dashicons-download\"><\/span><\/a><\/td><\/tr><tr><td><p><span class=\"dashicons dashicons-media-document\"><\/span><a href=\"https:\/\/geoecomar.ro\/beta\/wp-content\/uploads\/2025\/12\/03_039_048_A-PRELIMINARY-ASSESSMENT-OF-OPTIONS-TO-RECONNECT-THE-RAZELM-SINOE-LAGOON-SYSTEM-TO-THE-BLACK-SEA.pdf\" target=\"_blank\">A Preliminary Assessment of Options to Reconnect the Razelm-Sinoe Lagoon System to the Black Sea (1.42 MB)<\/a><\/p><p>Irina DINU, Adrian ST\u0102NIC\u0102, Georg UMGIESSER, Christian FERRARIN, Marco BAJO<\/p><\/td><td><a href=\"https:\/\/geoecomar.ro\/beta\/wp-content\/uploads\/2025\/12\/03_039_048_A-PRELIMINARY-ASSESSMENT-OF-OPTIONS-TO-RECONNECT-THE-RAZELM-SINOE-LAGOON-SYSTEM-TO-THE-BLACK-SEA.pdf\" target=\"_blank\"> <span class=\"dashicons dashicons-download\"><\/span><\/a><\/td><\/tr><tr><td><p><span class=\"dashicons dashicons-media-document\"><\/span><a href=\"https:\/\/geoecomar.ro\/beta\/wp-content\/uploads\/2025\/12\/04_049_056_EVOLUTION-OF-THE-DOWNSTREAM-REGION-MORPHOLOGY-OF-THE-OUALIDIA-LAGOON.pdf\" target=\"_blank\">Evolution of the Downstream Region Morphology of the Oualidia Lagoon (2.68 MB)<\/a><\/p><p>Ahmed MAKAOUI, Anas BIBOT, Adil CHAIR, Aziz AGOUZOUK, Mohammed IDRISSI<\/p><\/td><td><a href=\"https:\/\/geoecomar.ro\/beta\/wp-content\/uploads\/2025\/12\/04_049_056_EVOLUTION-OF-THE-DOWNSTREAM-REGION-MORPHOLOGY-OF-THE-OUALIDIA-LAGOON.pdf\" target=\"_blank\"> <span class=\"dashicons dashicons-download\"><\/span><\/a><\/td><\/tr><tr><td><p><span class=\"dashicons dashicons-media-document\"><\/span><a href=\"https:\/\/geoecomar.ro\/beta\/wp-content\/uploads\/2025\/12\/05_057_068_ASSESSMENT-OF-INSULAR-VULNERABILITY-IN-SOUTH-WESTERN-MEDITERRANEAN-COUNTRIES-CASE-OF-SIDI-FREDJ-IN-ALGERIA.pdf\" target=\"_blank\">Assessment of Insular Vulnerability in South Western Mediterranean Countries: Case of Sidi Fredj in Algeria (7.05 MB)<\/a><\/p><p>Yakout Nawel MOUSSAOUI, Samir GRIMES, Nawal KA\u00cfDI, Benyahia BOUDJELLAL<\/p><\/td><td><a href=\"https:\/\/geoecomar.ro\/beta\/wp-content\/uploads\/2025\/12\/05_057_068_ASSESSMENT-OF-INSULAR-VULNERABILITY-IN-SOUTH-WESTERN-MEDITERRANEAN-COUNTRIES-CASE-OF-SIDI-FREDJ-IN-ALGERIA.pdf\" target=\"_blank\"> <span class=\"dashicons dashicons-download\"><\/span><\/a><\/td><\/tr><tr><td><p><span class=\"dashicons dashicons-media-document\"><\/span><a href=\"https:\/\/geoecomar.ro\/beta\/wp-content\/uploads\/2025\/12\/06_069_080_NATURE-BASED-SOLUTIONS-AS-A-WAY-TO-ADAPT-TO-CLIMATE-CHANGE-IN-THE-STEPPE-ZONE-OF-THE-UKRAINIAN-PART-OF-THE-DANUBE-RIVER-BASIN.pdf\" target=\"_blank\">Nature-Based Solutions as a Way to Adapt to Climate Change in the Steppe Zone of the Ukrainian Part of the Danube River Basin (2.02 MB)<\/a><\/p><p>Mariia SLIZHE, Nikolai BERLINSKYI, Youssef EL HADRI, Olha DERYK<\/p><\/td><td><a href=\"https:\/\/geoecomar.ro\/beta\/wp-content\/uploads\/2025\/12\/06_069_080_NATURE-BASED-SOLUTIONS-AS-A-WAY-TO-ADAPT-TO-CLIMATE-CHANGE-IN-THE-STEPPE-ZONE-OF-THE-UKRAINIAN-PART-OF-THE-DANUBE-RIVER-BASIN.pdf\" target=\"_blank\"> <span class=\"dashicons dashicons-download\"><\/span><\/a><\/td><\/tr><tr><td><p><span class=\"dashicons dashicons-media-document\"><\/span><a href=\"https:\/\/geoecomar.ro\/beta\/wp-content\/uploads\/2025\/12\/07_081_090_LITHOLOGICAL-FEATURES-AND-TITANIUM-CONTAINING-MINERALS-IN-BOTTOM-SEDIMENTS-OF-SMALL-RIVERS-OF-SOUTHERN-UKRAINE.pdf\" target=\"_blank\">Lithological Features and Titanium-Containing Minerals in Bottom Sediments of Small Rivers of Southern Ukraine (2.69 MB)<\/a><\/p><p>Liudmyla BEROZKINA, Anna POLIETNOVA, Liubov KOVALCHUK<\/p><\/td><td><a href=\"https:\/\/geoecomar.ro\/beta\/wp-content\/uploads\/2025\/12\/07_081_090_LITHOLOGICAL-FEATURES-AND-TITANIUM-CONTAINING-MINERALS-IN-BOTTOM-SEDIMENTS-OF-SMALL-RIVERS-OF-SOUTHERN-UKRAINE.pdf\" target=\"_blank\"> <span class=\"dashicons dashicons-download\"><\/span><\/a><\/td><\/tr><tr><td><p><span class=\"dashicons dashicons-media-document\"><\/span><a href=\"https:\/\/geoecomar.ro\/beta\/wp-content\/uploads\/2025\/12\/08_091_102_THE-EFFECT-OF-WATER-HYACINTH-ON-PHYTOPLANKTON-BIOMASS-IN-A-HYDROPOWER-RESERVOIR-A-3D-MODELLING-APPROACH.pdf\" target=\"_blank\">The Effect of Water Hyacinth on Phytoplankton Biomass in a Hydropower Reservoir: A 3D Modelling Approach (1.83 MB)<\/a><\/p><p>Julie ARTEAGA, Ioana POPESCU, Anne A. van DAM<\/p><\/td><td><a href=\"https:\/\/geoecomar.ro\/beta\/wp-content\/uploads\/2025\/12\/08_091_102_THE-EFFECT-OF-WATER-HYACINTH-ON-PHYTOPLANKTON-BIOMASS-IN-A-HYDROPOWER-RESERVOIR-A-3D-MODELLING-APPROACH.pdf\" target=\"_blank\"> <span class=\"dashicons dashicons-download\"><\/span><\/a><\/td><\/tr><tr><td><p><span class=\"dashicons dashicons-media-document\"><\/span><a href=\"https:\/\/geoecomar.ro\/beta\/wp-content\/uploads\/2025\/12\/09_103_110_CHARACTERISATION-OF-FLOATING-MICROPLASTIC-IN-ROMANIAN-COASTAL-WATERS-WESTERN-BLACK-SEA.pdf\" target=\"_blank\">Characterisation of Floating Microplastic in Romanian Coastal Waters, Western Black Sea (1.42 MB)<\/a><\/p><p>Teodora BABO\u0218, Oana DOBRE, Constantin LAZ\u0102R, Dan Valentin PALCU, Iulian POJAR<\/p><\/td><td><a href=\"https:\/\/geoecomar.ro\/beta\/wp-content\/uploads\/2025\/12\/09_103_110_CHARACTERISATION-OF-FLOATING-MICROPLASTIC-IN-ROMANIAN-COASTAL-WATERS-WESTERN-BLACK-SEA.pdf\" target=\"_blank\"> <span class=\"dashicons dashicons-download\"><\/span><\/a><\/td><\/tr><tr><td><p><span class=\"dashicons dashicons-media-document\"><\/span><a href=\"https:\/\/geoecomar.ro\/beta\/wp-content\/uploads\/2025\/12\/10_111_126_AN-ANALOGY-OF-THE-RAINFALL-TREND-OVER-THE-WESTERN-GHATS-AND-THEIR-SURROUNDINGS.pdf\" target=\"_blank\">An Analogy of the Rainfall Trend over the Western Ghats and Their Surroundings (1.87 MB)<\/a><\/p><p>Pavendhan MADHIVANAN, Mallemadugula S.S.R.K.N. SARMA<\/p><\/td><td><a href=\"https:\/\/geoecomar.ro\/beta\/wp-content\/uploads\/2025\/12\/10_111_126_AN-ANALOGY-OF-THE-RAINFALL-TREND-OVER-THE-WESTERN-GHATS-AND-THEIR-SURROUNDINGS.pdf\" target=\"_blank\"> <span class=\"dashicons dashicons-download\"><\/span><\/a><\/td><\/tr><tr><td><p><span class=\"dashicons dashicons-media-document\"><\/span><a href=\"https:\/\/geoecomar.ro\/beta\/wp-content\/uploads\/2025\/12\/11_127_134_STUDY-ON-THE-WIND-ENERGY-POTENTIAL-OF-THE-BLACK-SEA-CONTINENTAL-SHELF-IN-THE-COASTAL-AREA-OF-ROMANIA.pdf\" target=\"_blank\">Study on the Wind Energy Potential of the Black Sea Continental Shelf in the Coastal Area of Romania (1.35 MB)<\/a><\/p><p>Mih\u0103i\u021b\u0103-C\u0103t\u0103lin CUCIUREANU, Ioan VEDINA\u0218, Constantin Daniel M\u0102R\u0102\u0218ESCU, Octavian Narcis VOLINTIRU, Ionu\u021b Cristian SCURTU<\/p><\/td><td><a href=\"https:\/\/geoecomar.ro\/beta\/wp-content\/uploads\/2025\/12\/11_127_134_STUDY-ON-THE-WIND-ENERGY-POTENTIAL-OF-THE-BLACK-SEA-CONTINENTAL-SHELF-IN-THE-COASTAL-AREA-OF-ROMANIA.pdf\" target=\"_blank\"> <span class=\"dashicons dashicons-download\"><\/span><\/a><\/td><\/tr><tr><td><p><span class=\"dashicons dashicons-media-document\"><\/span><a href=\"https:\/\/geoecomar.ro\/beta\/wp-content\/uploads\/2025\/12\/12_135_142_EVALUATING-POINT-ABSORBER-BASED-WAVE-ENERGY-CONVERSION-IN-THE-BLACK-SEA-USING-ANSYS-AQWA.pdf\" target=\"_blank\">Evaluating Point Absorber-Based Wave Energy Conversion in the Black Sea Using ANSYS AQWA (3.29 MB)<\/a><\/p><p>Adrian POPA, Ionu\u021b Cristian SCURTU, Bianca Ioana M\u00ceNDROIU, Mih\u0103i\u021b\u0103-C\u0103t\u0103lin CUCIUREANU<\/p><\/td><td><a href=\"https:\/\/geoecomar.ro\/beta\/wp-content\/uploads\/2025\/12\/12_135_142_EVALUATING-POINT-ABSORBER-BASED-WAVE-ENERGY-CONVERSION-IN-THE-BLACK-SEA-USING-ANSYS-AQWA.pdf\" target=\"_blank\"> <span class=\"dashicons dashicons-download\"><\/span><\/a><\/td><\/tr><tr><td><p><span class=\"dashicons dashicons-media-document\"><\/span><a href=\"https:\/\/geoecomar.ro\/beta\/wp-content\/uploads\/2025\/12\/13_143_154_UPPER-CRETACEOUS-DEPOSITIONAL-AND-BIOTICAL-CHANGES-IN-THE-GOSAU-TYPE-BASINS-OF-THE-GETIC-DEPRESSION.pdf\" target=\"_blank\">Upper Cretaceous Depositional and Biotical Changes in the Gosau-Type Basins of the Getic Depression (11.13 MB)<\/a><\/p><p>Andrei STOIAN, Gabriel ION, Eliza ANTON, Adrian GHERGHE, Mihaela MELINTE-DOBRINESCU<\/p><\/td><td><a href=\"https:\/\/geoecomar.ro\/beta\/wp-content\/uploads\/2025\/12\/13_143_154_UPPER-CRETACEOUS-DEPOSITIONAL-AND-BIOTICAL-CHANGES-IN-THE-GOSAU-TYPE-BASINS-OF-THE-GETIC-DEPRESSION.pdf\" target=\"_blank\"> <span class=\"dashicons dashicons-download\"><\/span><\/a><\/td><\/tr><tr><td><p><span class=\"dashicons dashicons-media-document\"><\/span><a href=\"https:\/\/geoecomar.ro\/beta\/wp-content\/uploads\/2025\/12\/14_155_160_TESTING-THE-POSSIBILITY-OF-PALAEONTOLOGY-DATING-VIA-GAMMA-RAY-SPECTROMETRY.pdf\" target=\"_blank\">Testing the Possibility of Palaeontology Dating via Gamma-Ray Spectrometry (1.02 MB)<\/a><\/p><p>Andrei BRICEAG, Vlad APOTROSOAEI, Andrei-Rare\u0219 STOIAN, Iulian POJAR, Rare\u0219 SUVAILA<\/p><\/td><td><a href=\"https:\/\/geoecomar.ro\/beta\/wp-content\/uploads\/2025\/12\/14_155_160_TESTING-THE-POSSIBILITY-OF-PALAEONTOLOGY-DATING-VIA-GAMMA-RAY-SPECTROMETRY.pdf\" target=\"_blank\"> <span class=\"dashicons dashicons-download\"><\/span><\/a><\/td><\/tr><tr><td><p><span class=\"dashicons dashicons-media-document\"><\/span><a href=\"https:\/\/geoecomar.ro\/beta\/wp-content\/uploads\/2025\/12\/15_161_172_ASSESSMENT-OF-PRECIPITATION-TRENDS-IN-THE-BARZAVA-CATCHMENT-ROMANIA.pdf\" target=\"_blank\">Assessment of Precipitation Trends in the B\u00e2rzava Catchment, Romania (3.66 MB)<\/a><\/p><p>Codru\u021ba B\u0102DALU\u021a\u0102-MINDA, Mihai HERBEI, Ioana POPESCU<\/p><\/td><td><a href=\"https:\/\/geoecomar.ro\/beta\/wp-content\/uploads\/2025\/12\/15_161_172_ASSESSMENT-OF-PRECIPITATION-TRENDS-IN-THE-BARZAVA-CATCHMENT-ROMANIA.pdf\" target=\"_blank\"> <span class=\"dashicons dashicons-download\"><\/span><\/a><\/td><\/tr><tr><td><p><span class=\"dashicons dashicons-media-document\"><\/span><a href=\"https:\/\/geoecomar.ro\/beta\/wp-content\/uploads\/2025\/12\/16_173_178_IN-MEMORIAM_ACADEMICIAN-DAN-P.-RADULESCU.pdf\" target=\"_blank\">In Memoriam: Academician Dan P. R\u0103dulescu (20.01.1928\u201311.11.2025) (242.42 KB)<\/a><\/p><p>Nicolae PANIN<\/p><\/td><td><a href=\"https:\/\/geoecomar.ro\/beta\/wp-content\/uploads\/2025\/12\/16_173_178_IN-MEMORIAM_ACADEMICIAN-DAN-P.-RADULESCU.pdf\" target=\"_blank\"> <span class=\"dashicons dashicons-download\"><\/span><\/a><\/td><\/tr><\/table><\/div>\n<\/div><\/div><\/div><\/div><\/div>\n","protected":false},"excerpt":{"rendered":"","protected":false},"author":1,"featured_media":0,"parent":6417,"menu_order":0,"comment_status":"closed","ping_status":"closed","template":"","meta":{"_acf_changed":false,"footnotes":""},"class_list":["post-11858","page","type-page","status-publish","hentry"],"acf":[],"_links":{"self":[{"href":"https:\/\/geoecomar.ro\/en\/wp-json\/wp\/v2\/pages\/11858","targetHints":{"allow":["GET"]}}],"collection":[{"href":"https:\/\/geoecomar.ro\/en\/wp-json\/wp\/v2\/pages"}],"about":[{"href":"https:\/\/geoecomar.ro\/en\/wp-json\/wp\/v2\/types\/page"}],"author":[{"embeddable":true,"href":"https:\/\/geoecomar.ro\/en\/wp-json\/wp\/v2\/users\/1"}],"replies":[{"embeddable":true,"href":"https:\/\/geoecomar.ro\/en\/wp-json\/wp\/v2\/comments?post=11858"}],"version-history":[{"count":18,"href":"https:\/\/geoecomar.ro\/en\/wp-json\/wp\/v2\/pages\/11858\/revisions"}],"predecessor-version":[{"id":14217,"href":"https:\/\/geoecomar.ro\/en\/wp-json\/wp\/v2\/pages\/11858\/revisions\/14217"}],"up":[{"embeddable":true,"href":"https:\/\/geoecomar.ro\/en\/wp-json\/wp\/v2\/pages\/6417"}],"wp:attachment":[{"href":"https:\/\/geoecomar.ro\/en\/wp-json\/wp\/v2\/media?parent=11858"}],"curies":[{"name":"wp","href":"https:\/\/api.w.org\/{rel}","templated":true}]}}