{"id":11877,"date":"2025-07-28T16:22:38","date_gmt":"2025-07-28T13:22:38","guid":{"rendered":"https:\/\/geoecomar.ro\/publications\/carti-si-capitole-de-carti\/"},"modified":"2026-04-17T13:52:10","modified_gmt":"2026-04-17T10:52:10","slug":"books-chapters-from-books","status":"publish","type":"page","link":"https:\/\/geoecomar.ro\/en\/publications\/books-chapters-from-books\/","title":{"rendered":"Books\/Chapters from books"},"content":{"rendered":"\n<div class=\"et_pb_section_0 et_pb_section et_section_regular et_block_section\"><div class=\"et_pb_row_0 et_pb_row et_block_row\"><div class=\"et_pb_column_0 et_pb_column et_pb_column_4_4 et-last-child et_block_column et_pb_css_mix_blend_mode_passthrough\"><div class=\"et_pb_text_0 et_pb_text et_pb_bg_layout_light et_pb_module et_block_module\"><div class=\"et_pb_text_inner\"><p style=\"font-weight: 400;\"><strong>bold<\/strong> \u2013 Authors with affiliation INCD GeoEcoMar<\/p>\n<\/div><\/div><div class=\"et_pb_tabs_0 et_pb_tabs et_pb_module\"><ul class=\"et_pb_tabs_controls clearfix\"><li class=\"et_pb_tab_nav_item_0 et_pb_tab_nav_item et_pb_tab_0 et_pb_tab_active\"><a class=\"et_pb_tab_nav_item_link\" href=\"#\">2020<\/a><\/li><li class=\"et_pb_tab_nav_item_1 et_pb_tab_nav_item et_pb_tab_1\"><a class=\"et_pb_tab_nav_item_link\" href=\"#\">2021<\/a><\/li><li class=\"et_pb_tab_nav_item_2 et_pb_tab_nav_item et_pb_tab_2\"><a class=\"et_pb_tab_nav_item_link\" href=\"#\">2022<\/a><\/li><li class=\"et_pb_tab_nav_item_3 et_pb_tab_nav_item et_pb_tab_3\"><a class=\"et_pb_tab_nav_item_link\" href=\"#\">2023<\/a><\/li><li class=\"et_pb_tab_nav_item_4 et_pb_tab_nav_item et_pb_tab_4\"><a class=\"et_pb_tab_nav_item_link\" href=\"#\">2024<\/a><\/li><\/ul><div class=\"et_pb_all_tabs\"><div class=\"et_pb_tab_0 et_pb_tab clearfix et_pb_active_content et_pb_module et_block_module\"><div class=\"et_pb_tab_content\"><h3><strong>Treatises\/books\/monographs published as editor\/coordinator at the Romanian Academy Publishing House<\/strong><\/h3>\n<ul>\n<li>Chitea, F., Ioane, D., <strong>Stanciu, I.M.<\/strong> (Eds.), 2020. GEOSCIENCE 2020 Book of Abstracts, 112 pp., Publisher: Editura Academiei Rom\u00e2ne, Bucharest, Romania ISBN: 978-973-27-3320-2. <strong><a href=\"https:\/\/appliedgeophysics.ro\/wp-content\/uploads\/2022\/05\/Geoscience-2020-Abstract-Book_2021.pdf\">Abstract<\/a><\/strong><\/li>\n<\/ul>\n<h3><strong>Treatises\/books\/monographs published as author at a well-established publishing house in the country<\/strong><\/h3>\n<ul>\n<li><strong>Melinte-Dobrinescu, M., Seghedi, A.<\/strong>, Roban, R.-D., 2020. Dobrogea and Danube Delta: Geology and Geomorphology Publisher: Editura GeoEcoMar, 53 pp., ISBN 978-606-9658-20-8. <strong><a href=\"https:\/\/www.fluvimar.ro\/Field%20Trip%20Guidebook%20Dobrogea%20and%20Danube%20Delta%20Geology%20and%20Geomorphology.pdf\">Abstract<\/a><\/strong><\/li>\n<\/ul>\n<h3><strong>Chapters in treatises\/books\/monographs published by a well-established publishing house in the country<\/strong><\/h3>\n<ul>\n<li>Grigorescu, D., <strong>Melinte-Dobrinescu, M.<\/strong>, 2020. Dacian \u0219i Romanian \u2013 etaje \u00een stratigrafia timpului geologic din Balcani. NATUR CULTURALIA, vol. 1, p. 47-60, Publisher Editura Vergiliu, ISBN 978-606-8930-23-7. <strong><a href=\"https:\/\/institutlevant.ro\/wp-content\/uploads\/2024\/04\/institut_levant_dan_grigorescu_coordonator_natur-culturalia_I_laura_ganea_ana-maria_raducan.pdf\">Abstract<\/a><\/strong><\/li>\n<\/ul>\n<\/div><\/div><div class=\"et_pb_tab_1 et_pb_tab clearfix et_pb_module et_block_module\"><div class=\"et_pb_tab_content\"><h3><strong>Treatises\/books\/monographs published as editor\/coordinator at a renowned publishing house abroad<\/strong><\/h3>\n<ul>\n<li>Chitea, F., <strong>Stanciu, I.<\/strong>, Bala, A., Tataru, D., Dinescu, R. (Eds.), 2021. Proceedings of the 11th Congress of the Balkan Geophysical Society, 10-14 October 2021. Publisher: EAGE, 10 October 2021, 461 pp., Publisher European Association of Geoscientists and Engineers (EAGE) ISBN: 978-171-38-4202-6.<\/li>\n<\/ul>\n<h3><strong>Treatises\/books\/monographs published as author at a well-established publishing house in the country<\/strong><\/h3>\n<ul>\n<li><strong>Ion, G., Popa, A., Teaca, A., Simionescu, M., Begun, T.<\/strong>, 2021. Sea floor habitat mapping - a physical approach. Publisher Editura GeoEcoMar, 55 p., ISBN 978-606-9658-21-53.<\/li>\n<\/ul>\n<h3><strong>Chapters in treatises\/books\/monographs published as author by the Romanian Academy Publishing House<\/strong><\/h3>\n<ul>\n<li>Popa O., Popa L., Gandara A. M., Skolka M., <strong>Begun T.<\/strong>, 2021. \u00cencreng\u0103tura Mollusca. Clasa Bivalvia. Fi\u0219e specii: Hypanis (Adacna) laeviuscula fragilis (Eichwald, 1829), Hypanis (Adacna) plicata relicta (Milaschewitsch, 1916), Hypanis (Monodacna) colorata (Eichwald, 1829), Hypanis (Monodacna) pontica (Eichwald, 1838). Pp. 78-81. \u00cen: Murariu, D., Maican, S. (coord.) Cartea Ro\u015fie a Nevertebratelor din Rom\u00e2nia\/ The Red Book of the Invertebrates from Romania. Bucure\u0219ti: Editura Academiei Rom\u00e2ne, ISBN 978-973-27-3357-8.<\/li>\n<li><strong>Begun T.<\/strong>, Skolka M., 2021. \u00cencreng\u0103tura Arthropoda. Clasa Malacostraca. Fi\u0219e specii: Nannastacus euxinicus B\u0103cescu, 1951, Gastrosaccus sanctus (Van Beneden, 1861), Hemimysis anomala G.O.Sars, 1907. Pp. 97-99. \u00cen: Murariu, D., Maican, S. (coord.) Cartea Ro\u015fie a Nevertebratelor din Rom\u00e2nia\/ The Red Book of the Invertebrates from Romania. Bucure\u0219ti: Editura Academiei Rom\u00e2ne, ISBN 978-973-27-3357-8.<\/li>\n<li><strong>Teac\u0103 A.<\/strong>, Skolka M., 2021. \u00cencreng\u0103tura Porifera, Cnidaria, Nemertea, Mollusca (Clasa Polyplacophora, Bivalvia (Ordin Anomalodesmata, Lucinida, Venerida), Bivalvia (Familia Tellinidae, Lasaeidae), Arthropoda (Decapoda). Pp. 22-23, 25, 29, 45, 76, 83-86, 89, 110, 112. \u00cen: Murariu, D., Maican, S. (coord.) Cartea Ro\u015fie a Nevertebratelor din Rom\u00e2nia\/ The Red Book of the Invertebrates from Romania. Bucure\u0219ti: Editura Academiei Rom\u00e2ne, ISBN 978-973-27-3357-8.<\/li>\n<li>Skolka M.,<strong> Teac\u0103 A.<\/strong>, 2021. \u00cencreng\u0103tura Bryozoa, Mollusca (Clasa Gastropoda, Bivalvia (Ordinul Pectinida, Adapedonta, Cardiida, Myida, Venerida)), Arthropoda (Ordinul Amphipoda), Arthropoda (Familia Upogebiidae, Callianassidae). Pp. 31, 47-50, 75, 77, 82, 87-88, 90, 96, 107-109, \u00cen: Murariu, D., Maican, S. (coord.) Cartea Ro\u015fie a Nevertebratelor din Rom\u00e2nia\/ The Red Book of the Invertebrates from Romania. Bucure\u0219ti: Editura Academiei Rom\u00e2ne, ISBN 978-973-27-3357-8.<\/li>\n<li>Skolka M., <strong>Teac\u0103 A., Mure\u0219an M.<\/strong>, 2021. \u00cencreng\u0103tura Xenacoelomorpha. Fi\u0219a specie: Convoluta hipparchia Pereyaslawzewa, 1892. Pp. 27, \u00cen: Murariu, D., Maican, S. (coord.) Cartea Ro\u015fie a Nevertebratelor din Rom\u00e2nia\/ The Red Book of the Invertebrates from Romania. Bucure\u0219ti: Editura Academiei Rom\u00e2ne, ISBN 978-973-27-3357-8.<\/li>\n<li>Surugiu V., <strong>Teac\u0103 A.<\/strong>, 2021. \u00cencreng\u0103tura Annelida (Familia Nereididae, Opheliidae, Ampharetidae). Pp. 33, 35, 37. \u00cen: Murariu, D., Maican, S. (coord.) Cartea Ro\u015fie a Nevertebratelor din Rom\u00e2nia\/ The Red Book of the Invertebrates from Romania. Bucure\u0219ti: Editura Academiei Rom\u00e2ne, ISBN 978-973-27-3357-8.<\/li>\n<li>Surugiu V., Skolka M., <strong>Teac\u0103 A.<\/strong>, 2021. \u00cencreng\u0103tura Annelida (familia Arenicolidae). Pp. 36. \u00cen: Murariu, D., Maican, S. (coord.) Cartea Ro\u015fie a Nevertebratelor din Rom\u00e2nia\/ The Red Book of the Invertebrates from Romania. Bucure\u0219ti: Editura Academiei Rom\u00e2ne, ISBN 978-973-27-3357-8.<\/li>\n<li><strong>Teac\u0103 A.<\/strong>, Skolka M., Surugiu V., 2021. \u00cencreng\u0103tura Arthropoda (Familia Palaemonidae, Carcinidae). Pp. 106, 111. \u00cen: Murariu, D., Maican, S. (coord.) Cartea Ro\u015fie a Nevertebratelor din Rom\u00e2nia\/ The Red Book of the Invertebrates from Romania. Bucure\u0219ti: Editura Academiei Rom\u00e2ne, ISBN 978-973-27-3357-8.<\/li>\n<li><strong>Teac\u0103 A.<\/strong>, Skolka M., Surugiu V., <strong>Mure\u0219an M.<\/strong>, 2021. \u00cencreng\u0103tura Arthropoda (Familia Polybiidae, Varunidae). pp. 113 - 114. \u00cen: Murariu, D., Maican, S. (coord.) Cartea Ro\u015fie a Nevertebratelor din Rom\u00e2nia\/ The Red Book of the Invertebrates from Romania. Bucure\u0219ti: Editura Academiei Rom\u00e2ne, ISBN 978-973-27-3357-8.<\/li>\n<li><strong>Mure\u0219an M.<\/strong>, 2021. \u00cencreng\u0103tura Arthropoda. Fi\u0219e specii: Anomalocera patersoni Templeton, 1837, Labidocera brunescens (Czerniavsky, 1868), Pontella mediterranea (Claus, 1863). Pp. 92-94. \u00cen: Murariu, D., Maican, S. (coord.) Cartea Ro\u015fie a Nevertebratelor din Rom\u00e2nia\/ The Red Book of the Invertebrates from Romania. Bucure\u0219ti: Editura Academiei Rom\u00e2ne, ISBN 978-973-27-3357-8.<\/li>\n<\/ul>\n<h3><strong>Chapters in treatises\/books\/monographs published by a well-established publishing house in the country<\/strong><\/h3>\n<ul>\n<li><strong>Seghedi, A.<\/strong>, 2023. Profesorul Leonard Olaru \u0219i rezultatele cercet\u0103rilor sale palinologice \u00een Dobrogea. In: Leonard Olaru la 85 de ani, Publisher Editura Universit\u0103\u0163ii \u201cAlexandru Ioan Cuza\u201d din Iasi, pp. 142-169, ISBN 978-606-714-654-7.<\/li>\n<\/ul>\n<\/div><\/div><div class=\"et_pb_tab_2 et_pb_tab clearfix et_pb_module et_block_module\"><div class=\"et_pb_tab_content\"><h3><strong>Treatises\/books\/monographs published as editor at a well-established publishing house in the country<\/strong><\/h3>\n<ul>\n<li>Chitea, F., Munteanu, I., Matenco, L., Dinescu, R., <strong>Stanciu, I.M.<\/strong> (Eds.), 2022. ILP - GEOSCIENCE 2022. Book of Abstracts, 114 pp. Editura Cetatea de Scaun, T\u00e2rgovi\u0219te, ISBN: 978-606-537-578-9. <strong><a href=\"https:\/\/www.researchgate.net\/publication\/364294625_ILP_-_GEOSCIENCE_2022_Book_of_Abstracts\">Abstract<\/a><\/strong><\/li>\n<\/ul>\n<\/div><\/div><div class=\"et_pb_tab_3 et_pb_tab clearfix et_pb_module et_block_module\"><div class=\"et_pb_tab_content\"><h3><strong>Treatises\/books\/monographs published as author at a renowned publishing house abroad<\/strong><\/h3>\n<ul>\n<li>Rossi, V.M., Longhitano, S.G., <strong>Olariu, C.<\/strong>, Chioccci, F.L. (Eds.) 2023. Straits and Seaways: Controls, Processes and Implications in Modern and Ancient Systems. Geological Society of London, 523 p., ISBN: 9781786205704. <a href=\"https:\/\/www.researchgate.net\/publication\/365940342_Straits_and_Seaways_controls_processes_and_implications_in_modern_and_ancient_systems\"><strong>Abstract<\/strong><\/a><\/li>\n<\/ul>\n<h3><strong>Chapters of treatises\/books\/monographs published as author at a renowned publishing house abroad<\/strong><\/h3>\n<ul>\n<li>C\u00e2mpurean, A. M., S\u00eerbu, N. A., Verbi\u0163chi, V., Duma, I., &amp; Popescu, R. N. 2023. Development of a Gas-Metal-Arc Welding Technology with Combined Spin-Arc and Weaving Facilities for Ship Building. In Materials Science Forum, Vol. 1095, pp. 59-68. Trans Tech Publications Ltd., Switzerland. ISSN: 1662-9752. <a href=\"https:\/\/www.researchgate.net\/publication\/373233049_Development_of_a_Gas-Metal-Arc_Welding_Technology_with_Combined_Spin-Arc_and_Weaving_Facilities_for_Ship_Building\"><strong>Abstract<\/strong><\/a><\/li>\n<li>C\u00e2mpurean, A. M., S\u00eerbu, N. A., Verbi\u0163chi, V., Duma, I., &amp; Popescu, R. N. 2023. Experiments on Gas-Metal-Arc Welding (MAG) with Combined Spin-Arc and Weaving Facilities, for Interdisciplinary Applications. In Materials Science Forum, Vol. 1095, pp. 47-57. Trans Tech Publications Ltd., Switzerland. ISSN: 1662-9752. <a href=\"https:\/\/www.researchgate.net\/publication\/373228642_Experiments_on_Gas-Metal-Arc_Welding_MAG_with_Combined_Spin-Arc_and_Weaving_Facilities_for_Interdisciplinary_Applications\"><strong>Abstract<\/strong><\/a><\/li>\n<li>Minor, K., P., Wrobleski, A., Steel, R., Olariu, C., Crabaugh, J.P. 2023. Facies partitioning of fluvial, wave, and tidal influences across the shoreline-to-shelf architecture in the Western Interior Campanian Seaway, USA. In Rossi, V.M., Longhitano, S.G., Olariu, C., Chioccci, F.L. (Eds.), Straits and Seaways: Controls, Processes and Implications in Modern and Ancient Systems. Geological Society of London, p. 523, ISBN: 9781786205704. <a href=\"https:\/\/www.researchgate.net\/publication\/364516860_Facies_Partitioning_of_Fluvial_Wave_and_Tidal_Influences_Across_the_Shoreline-to-Shelf_Architecture_in_the_Western_Interior_Campanian_Seaway_USA\"><strong>Abstract<\/strong><\/a><\/li>\n<\/ul>\n<h3><strong>Treatises\/books\/monographs published as editor at a well-established publishing house in the country<\/strong><\/h3>\n<ul>\n<li>Chitea, F., Ioane, D., T\u0103taru, D., <strong>Stanciu, I.<\/strong>, Dinescu, R. (Eds.), 2023. GEOSCIENCE 2023. 70 pp. Editura Cetatea de Scaun, T\u00e2rgovi\u0219te, ISBN 978-606- 537-659-5. <a href=\"https:\/\/zenodo.org\/records\/10255187\"><strong>Abstract<\/strong><\/a><\/li>\n<li><strong>Du\u0163u, L., Pojar, I.<\/strong> (Eds.) 2023. Ancient and present river-delta-sea systems modifications under impacts of human interventions and climate change\": 30 years of activity of the National Institute for Research and Development on Marine Geology and Geo-ecology (GeoEcoMar). 42 pp. Publishing Editura GeoEcoMar, ISBN 978-606- 9658-25-3. <strong><a href=\"https:\/\/www.ambiacva.ro\/International%20Symposium%20%20Abstract%20Book.pdf\">Abstract<\/a><\/strong><\/li>\n<\/ul>\n<h3><strong>Treatises\/books\/monographs published as author at a well-established publishing house in the country<\/strong><\/h3>\n<ul>\n<li><strong>Melinte-Dobrinescu, M.C.<\/strong>, Roban, R.D. 2023. Cretaceous tectonics and lithostratigraphy in the Romanian Carpathian bend, Prahova Valley, 44 pp. Publishing Editura Universit\u0103\u0163ii din Bucure\u015fti, ISBN 978- 973-616- 655-6. <strong><a href=\"https:\/\/www.ambiacva.ro\/Articole%20in%20extenso\/IV.1.1.%20Lazar%20et%20al%202023.pdf\">Abstract<\/a><\/strong><\/li>\n<li>Laz\u0103r, I., Stoica, M.<strong>, Seghedi, A., Melinte-Dobrinescu, M.C.<\/strong> 2023. Geology and palaeontology of Central and Sothern Dobrogea, 92 pp. Publishing Editura Universit\u0103\u0163ii din Bucure\u015fti, ISBN 978-606-16-1383-0. <strong><a href=\"https:\/\/www.ambiacva.ro\/Articole%20in%20extenso\/IV.1.1.%20Lazar%20et%20al%202023.pdf\">Abstract<\/a><\/strong><\/li>\n<\/ul>\n<\/div><\/div><div class=\"et_pb_tab_4 et_pb_tab clearfix et_pb_module et_block_module\"><div class=\"et_pb_tab_content\"><h3><strong>Treatises\/books\/monographs published as author at a well-established publishing house in the country<\/strong><\/h3>\n<ul>\n<li>Chitea, F., Dinescu, R. <strong>Stanciu, I.<\/strong>, Ioane, D., T\u0103taru, D., Top\u00e2rceanu, A. (Eds.), 2024. GEOSCIENCE 2024. 143 pp. 2024 Editura Cetatea de Scaun, T\u00e2rgovi\u0219te ISBN 978-606-537-737-0. <strong><a href=\"https:\/\/zenodo.org\/records\/14207972\">Abstract<\/a><\/strong><\/li>\n<\/ul>\n<\/div><\/div><\/div><\/div><\/div><\/div><\/div>\n","protected":false},"excerpt":{"rendered":"","protected":false},"author":1,"featured_media":0,"parent":6417,"menu_order":0,"comment_status":"closed","ping_status":"closed","template":"","meta":{"_acf_changed":false,"footnotes":""},"class_list":["post-11877","page","type-page","status-publish","hentry"],"acf":[],"_links":{"self":[{"href":"https:\/\/geoecomar.ro\/en\/wp-json\/wp\/v2\/pages\/11877","targetHints":{"allow":["GET"]}}],"collection":[{"href":"https:\/\/geoecomar.ro\/en\/wp-json\/wp\/v2\/pages"}],"about":[{"href":"https:\/\/geoecomar.ro\/en\/wp-json\/wp\/v2\/types\/page"}],"author":[{"embeddable":true,"href":"https:\/\/geoecomar.ro\/en\/wp-json\/wp\/v2\/users\/1"}],"replies":[{"embeddable":true,"href":"https:\/\/geoecomar.ro\/en\/wp-json\/wp\/v2\/comments?post=11877"}],"version-history":[{"count":8,"href":"https:\/\/geoecomar.ro\/en\/wp-json\/wp\/v2\/pages\/11877\/revisions"}],"predecessor-version":[{"id":14223,"href":"https:\/\/geoecomar.ro\/en\/wp-json\/wp\/v2\/pages\/11877\/revisions\/14223"}],"up":[{"embeddable":true,"href":"https:\/\/geoecomar.ro\/en\/wp-json\/wp\/v2\/pages\/6417"}],"wp:attachment":[{"href":"https:\/\/geoecomar.ro\/en\/wp-json\/wp\/v2\/media?parent=11877"}],"curies":[{"name":"wp","href":"https:\/\/api.w.org\/{rel}","templated":true}]}}