{"id":6412,"date":"2021-01-06T03:45:20","date_gmt":"2021-01-06T03:45:20","guid":{"rendered":"https:\/\/geoecomar.ro\/about-us\/"},"modified":"2026-04-17T14:12:45","modified_gmt":"2026-04-17T11:12:45","slug":"about-us","status":"publish","type":"page","link":"https:\/\/geoecomar.ro\/en\/about-us\/","title":{"rendered":"About us"},"content":{"rendered":"<div class=\"et_pb_section_0 et_pb_section et_section_regular et_block_section\">\n<div class=\"et_pb_row_0 et_pb_row et_block_row\">\n<div class=\"et_pb_column_0 et_pb_column et_pb_column_1_3 et_block_column et_pb_css_mix_blend_mode_passthrough\">\n<div class=\"et_pb_menu_0 et_pb_menu et_pb_menu--without-logo et_pb_menu--style-left_aligned et_dropdown_animation_fade et_pb_bg_layout_dark et_pb_text_align_right et_pb_text_align_right-tablet et_pb_text_align_right-phone et_pb_module et_flex_module menu-meniu-despre-noi\"><div class=\"et_pb_menu_inner_container et_flex_module\"><div class=\"et_pb_menu__wrap\"><div class=\"et_pb_menu__menu\"><nav class=\"et-menu-nav\"><ul id=\"menu-meniu-despre-noi-en\" class=\"et-menu nav downwards\"><li id=\"menu-item-6688\" class=\"et_pb_menu_page_id-6594 menu-item menu-item-type-post_type menu-item-object-page menu-item-6688\"><a href=\"https:\/\/geoecomar.ro\/en\/about-us\/leadership\/\">Management<\/a><\/li>\n<li id=\"menu-item-6685\" class=\"et_pb_menu_page_id-6597 menu-item menu-item-type-post_type menu-item-object-page menu-item-6685\"><a href=\"https:\/\/geoecomar.ro\/en\/about-us\/board-of-directors\/\">Board of directors<\/a><\/li>\n<li id=\"menu-item-6691\" class=\"et_pb_menu_page_id-6627 menu-item menu-item-type-post_type menu-item-object-page menu-item-6691\"><a href=\"https:\/\/geoecomar.ro\/en\/about-us\/reports-and-balance-sheets\/\">Reports and Balance Sheets<\/a><\/li>\n<li id=\"menu-item-6690\" class=\"et_pb_menu_page_id-6653 menu-item menu-item-type-post_type menu-item-object-page menu-item-6690\"><a href=\"https:\/\/geoecomar.ro\/en\/about-us\/structure\/\">Structure<\/a><\/li>\n<li id=\"menu-item-6692\" class=\"et_pb_menu_page_id-6424 menu-item menu-item-type-post_type menu-item-object-page menu-item-6692\"><a href=\"https:\/\/geoecomar.ro\/en\/about-us\/research-register\/\">Research Register<\/a><\/li>\n<li id=\"menu-item-6689\" class=\"et_pb_menu_page_id-6603 menu-item menu-item-type-post_type menu-item-object-page menu-item-6689\"><a href=\"https:\/\/geoecomar.ro\/en\/about-us\/legislation\/\">Legislation<\/a><\/li>\n<li id=\"menu-item-6686\" class=\"et_pb_menu_page_id-6590 menu-item menu-item-type-post_type menu-item-object-page menu-item-6686\"><a href=\"https:\/\/geoecomar.ro\/en\/about-us\/certification\/\">Certification<\/a><\/li>\n<li id=\"menu-item-6687\" class=\"et_pb_menu_page_id-6600 menu-item menu-item-type-post_type menu-item-object-page menu-item-6687\"><a href=\"https:\/\/geoecomar.ro\/en\/about-us\/history\/\">History<\/a><\/li>\n<li id=\"menu-item-10709\" class=\"et_pb_menu_page_id-6541 menu-item menu-item-type-post_type menu-item-object-page menu-item-10709\"><a href=\"https:\/\/geoecomar.ro\/en\/contact\/\">Contact<\/a><\/li>\n<\/ul><\/nav><\/div><div class=\"et_mobile_nav_menu\"><div class=\"mobile_nav closed\"><span class=\"mobile_menu_bar\"><\/span><\/div><\/div><\/div><\/div><\/div>\n<\/div>\n\n<div class=\"et_pb_column_1 et_pb_column et_pb_column_2_3 et-last-child et_block_column et_pb_css_mix_blend_mode_passthrough\">\n<div class=\"et_pb_blurb_0 et_pb_blurb et_pb_bg_layout_light et_pb_blurb_position_left et_pb_module et_block_module\"><div class=\"et_pb_blurb_content\"><div class=\"et_pb_main_blurb_image\"><a href=\"https:\/\/geoecomar.ro\/prezentare-geoecomar-2020-video\/\"><span class=\"et_pb_image_wrap\"><span class=\"et-pb-icon et_animated et_animated\">\ue0f0<\/span><\/span><\/a><\/div><div class=\"et_pb_blurb_container\"><h1 class=\"et_pb_module_header\"><a href=\"https:\/\/geoecomar.ro\/prezentare-geoecomar-2020-video\/\">Prezentare GeoEcoMar 2020 (video)<\/a><\/h1><div class=\"et_pb_blurb_description\"><p>Sediul central din Bucure\u0219ti, sucursala din Constan\u021ba \u0219i navele de cercetare<\/p>\n<\/div><\/div><\/div><\/div>\n\n<div class=\"et_pb_image_0 et_pb_image et_pb_module et_block_module\"><span class=\"et_pb_image_wrap\"><img loading=\"lazy\" decoding=\"async\" src=\"https:\/\/geoecomar.ro\/beta\/wp-content\/uploads\/2020\/02\/despre-noi-colaj-2.png\" width=\"927\" height=\"526\" srcset=\"https:\/\/geoecomar.ro\/beta\/wp-content\/uploads\/2020\/02\/despre-noi-colaj-2.png 927w, https:\/\/geoecomar.ro\/beta\/wp-content\/uploads\/2020\/02\/despre-noi-colaj-2-480x272.png 480w\" sizes=\"(min-width: 0px) and (max-width: 480px) 480px, (min-width: 481px) 927px, 100vw\" class=\"wp-image-328\" \/><\/span><\/div>\n\n<div class=\"et_pb_text_0 et_pb_text et_pb_bg_layout_light et_pb_module et_block_module et_pb_text_align_justified\"><div class=\"et_pb_text_inner\"><p><span style=\"font-size: 16px;\">Finan\u021barea activit\u0103\u021bii noastre de cercetare este realizat\u0103 prin participarea la licita\u021bii interne \u0219i interna\u021bionale \u0219i prin contractare direct\u0103 cu parteneri din \u021bar\u0103 sau din str\u0103in\u0103tate.<\/span><\/p>\n<p>\u00cen ultimii ani, Institutul a c\u00e2\u0219tigat numeroase competi\u021bii lansate de MECS (Cercetarea de Excelenta - CEEX, Programul Nucleu \u2013 PN), CNCSIS \u0219i Academia Rom\u00e2n\u0103 (granturi), c\u00e2t \u0219i licita\u021bii pentru proiecte lansate de autorit\u0103\u021bile guvernamentale de cercetare, inclusiv pentru proiecte cu co-finan\u021bare interna\u021bional\u0103.<\/p>\n<p>GeoEcoMar are o bogat\u0103 activitate interna\u021bional\u0103 prin intermediul Programelor de finan\u021bare ale Comisiei Europene, \u00een colaborare cu institu\u021bii \u0219i universit\u0103\u021bi europene partenere din Fran\u021ba, Italia \u0219i Portugalia. Institutul particip\u0103, de asemenea, la proiecte de cercetare \u0219tiin\u021bific\u0103 comune cu parteneri din Elve\u021bia, Ucraina, China \u0219i Canada.<\/p>\n<p>GeoEcoMar a furnizat \u0219i furnizeaz\u0103 servicii de specialitate \u0219i consultan\u021b\u0103 agen\u021bilor economici din \u021bar\u0103 \u0219i din str\u0103in\u0103tate, dintre care amintim OMV-PETROM, EXXON Mobil, Sterling, Black Sea Oil and Gas, CNE, MAREXIN Bv, DHV, dar \u0219i agen\u021bii de finan\u021bare precum JICA (Japonia) \u0219i Programul Na\u021biunilor Unite pentru Dezvoltare - cursele EMBLAS la Marea Neagr\u0103<\/p>\n<\/div><\/div>\n<\/div>\n<\/div>\n<\/div>","protected":false},"excerpt":{"rendered":"","protected":false},"author":1,"featured_media":0,"parent":0,"menu_order":0,"comment_status":"closed","ping_status":"closed","template":"","meta":{"_acf_changed":false,"footnotes":""},"class_list":["post-6412","page","type-page","status-publish","hentry"],"acf":[],"_links":{"self":[{"href":"https:\/\/geoecomar.ro\/en\/wp-json\/wp\/v2\/pages\/6412","targetHints":{"allow":["GET"]}}],"collection":[{"href":"https:\/\/geoecomar.ro\/en\/wp-json\/wp\/v2\/pages"}],"about":[{"href":"https:\/\/geoecomar.ro\/en\/wp-json\/wp\/v2\/types\/page"}],"author":[{"embeddable":true,"href":"https:\/\/geoecomar.ro\/en\/wp-json\/wp\/v2\/users\/1"}],"replies":[{"embeddable":true,"href":"https:\/\/geoecomar.ro\/en\/wp-json\/wp\/v2\/comments?post=6412"}],"version-history":[{"count":8,"href":"https:\/\/geoecomar.ro\/en\/wp-json\/wp\/v2\/pages\/6412\/revisions"}],"predecessor-version":[{"id":14839,"href":"https:\/\/geoecomar.ro\/en\/wp-json\/wp\/v2\/pages\/6412\/revisions\/14839"}],"wp:attachment":[{"href":"https:\/\/geoecomar.ro\/en\/wp-json\/wp\/v2\/media?parent=6412"}],"curies":[{"name":"wp","href":"https:\/\/api.w.org\/{rel}","templated":true}]}}