{"id":6535,"date":"2021-01-06T03:53:10","date_gmt":"2021-01-06T03:53:10","guid":{"rendered":"https:\/\/geoecomar.ro\/privacy-policy\/"},"modified":"2021-01-06T04:04:53","modified_gmt":"2021-01-06T04:04:53","slug":"privacy-policy","status":"publish","type":"page","link":"https:\/\/geoecomar.ro\/en\/privacy-policy\/","title":{"rendered":"Privacy policy"},"content":{"rendered":"<p>[et_pb_section fb_built=&#8221;1&#8243; _builder_version=&#8221;4.7.6&#8243; hover_enabled=&#8221;0&#8243; custom_margin=&#8221;0px||0px||true|false&#8221; custom_padding=&#8221;0px||0px||true|false&#8221; sticky_enabled=&#8221;0&#8243; background_color=&#8221;rgba(0,0,0,0)&#8221;][et_pb_row _builder_version=&#8221;4.7.6&#8243; background_size=&#8221;initial&#8221; background_position=&#8221;top_left&#8221; background_repeat=&#8221;repeat&#8221; hover_enabled=&#8221;0&#8243; width=&#8221;100%&#8221; custom_padding=&#8221;0px|40px|80px|40px|false|true&#8221; sticky_enabled=&#8221;0&#8243; border_radii=&#8221;off|||40px|&#8221; background_color=&#8221;#ffffff&#8221;][et_pb_column type=&#8221;4_4&#8243; _builder_version=&#8221;4.7.6&#8243; custom_padding=&#8221;|||&#8221; hover_enabled=&#8221;0&#8243; custom_padding__hover=&#8221;|||&#8221; background_enable_color=&#8221;off&#8221; sticky_enabled=&#8221;0&#8243;][et_pb_text _builder_version=&#8221;4.7.6&#8243; background_size=&#8221;initial&#8221; background_position=&#8221;top_left&#8221; background_repeat=&#8221;repeat&#8221; hover_enabled=&#8221;0&#8243; header_2_font=&#8221;|700|||||||&#8221; header_2_text_color=&#8221;#1fb757&#8243; sticky_enabled=&#8221;0&#8243;]<\/p>\n<p>\nInstitutul Na\u0163ional de Cercetare-Dezvoltare pentru Geologie \u0219i Geoecologie Marin\u0103 (GeoEcoMar) &#8211; prelucreaz\u0103 \u00een condi\u021bii de siguran\u021b\u0103 si numai pentru scopurile specificate datele personale pe care le furnizati pe acest site (www.geoecomar.ro), conform cerin\u021belor Legii nr. 677\/2001 pentru protectia persoanelor cu privire la prelucrarea datelor cu caracter personal si libera circulatie a acestor date, modificat\u0103 si completat\u0103, \u0219i conform cerintelor Regulamentului General privind Protectia Datelor (Regulamentul nr. 679 \/ 2016) \u0219i Directiva European\u0103\u00a0 ePrivacy .\n<p>GeoEcoMar este persoana juridic\u0103 rom\u00e2n\u0103 aflat\u0103 \u00een coordonarea Ministerului Educa\u021biei \u0219i Cercet\u0103rii, cu sediul \u00een Bucure\u0219ti, Str. Dimitrie Onciul nr. 23-25, sector 2, adres\u0103 web: <a href=\"https:\/\/www.geoecomar.ro\">https:\/geoecomar.ro<\/a><\/p>\n<p>Politica privind protec\u021bia \u0219i securitatea datelor personale a INCD GeoEcoMar este de a colecta numai datele personale necesare scopurilor declarate \u0219i de a solicita persoanelor vizate s\u0103 ne comunice numai acele date cu caracter personal strict necesare \u00eendeplinirii acestor scopuri.<\/p>\n<p>Prezentul angajament de respectare a confiden\u021bialit\u0103\u021bii se refer\u0103 la toate aspectele cu privire la prelucrarea datelor cu caracter personal \u0219i asigur\u0103 respectarea tuturor principiilor referitoare la prelucrare stabilite de legisla\u021bia \u00een vigoare, precum \u0219i de Regulamentul (UE) 679.<\/p>\n<p><\/p><\/p>\n<p>[\/et_pb_text][et_pb_tabs _builder_version=&#8221;4.7.6&#8243; _module_preset=&#8221;default&#8221; sticky_enabled=&#8221;0&#8243; active_tab_background_color=&#8221;#1fb757&#8243; active_tab_text_color=&#8221;#ffffff&#8221; tab_text_color=&#8221;#162546&#8243; body_font=&#8221;Source Sans Pro||||||||&#8221; tab_font=&#8221;|||on|||||&#8221; tab_font_size=&#8221;13px&#8221; custom_padding=&#8221;20px|40px|20px|40px|false|true&#8221; hover_enabled=&#8221;0&#8243; border_radii=&#8221;off|||40px|&#8221;][et_pb_tab title=&#8221;Defini\u021bii&#8221; _builder_version=&#8221;4.7.6&#8243; _module_preset=&#8221;default&#8221; hover_enabled=&#8221;0&#8243; sticky_enabled=&#8221;0&#8243;]<\/p>\n<p><strong>Date cu caracter personal<\/strong>\u00a0&#8211; orice informatii privind o persoana fizica identificat\u0103 sau identificabil\u0103 (&#8220;persoan\u0103 vizat\u0103&#8221;).<\/p>\n<p><strong>Persoana fizic\u0103 identificabil\u0103 <\/strong>&#8211; o persoan\u0103 care poate fi identificat\u0103, direct sau indirect, \u00een special prin referire la un element de identificare, cum ar fi un nume, un numar de identificare, date de localizare, un identificator online, sau la unul sau mai multe elemente specifice, proprii identitatii sale fizice, fiziologice, genetice, psihice, economice, culturale sau sociale.<\/p>\n<p><strong>Prelucrare<\/strong>\u00a0&#8211; orice operatiune sau set de operatiuni efectuate asupra datelor cu caracter personal sau asupra seturilor de date cu caracter personal, cu sau far\u0103 utilizarea de mijloace automatizate, cum ar fi colectarea, inregistrarea, organizarea, structurarea, stocarea, adaptarea sau modificarea, extragerea, consultarea, utilizarea, divulgarea prin transmitere, diseminarea sau punerea la dispozitie in orice alt mod, alinierea sau combinarea, restrictionarea, stergerea sau distrugerea.<\/p>\n<p><strong>Operator<\/strong>\u00a0&#8211; persoana fizica sau juridica, autoritatea publica, agentia sau alt organism care, singur sau impreuna cu altele, stabileste scopurile si mijloacele de prelucrare a datelor cu caracter personal; atunci c\u00e2nd scopurile si mijloacele prelucr\u0103rii sunt stabilite prin dreptul Uniunii sau dreptul intern, operatorul sau criteriile specifice pentru desemnarea acestuia pot fi prevazute in dreptul Uniunii sau \u00een dreptul intern<\/p>\n<p><strong>Persoana imputernicita de operator<\/strong>\u00a0inseamn\u0103 persoana fizic\u0103 sau juridic\u0103, autoritatea public\u0103, agentia sau alt organism care prelucreaz\u0103 datele cu caracter personal \u00een numele Operatorului.<\/p>\n<p><strong>Autoritate de Supraveghere\u00a0<\/strong>\u00eenseamn\u0103 autoritatea de reglementare sau de supraveghere responsabila cu aplicarea Regulamentului. In Rom\u00e2nia, acest rol este asumat de catre Autoritatea National\u0103 de Supraveghere a Prelucr\u0103rii Datelor cu Caracter Personal (ANSPDCP).<\/p>\n<p>[\/et_pb_tab][et_pb_tab title=&#8221;Principii&#8221; _builder_version=&#8221;4.7.6&#8243; _module_preset=&#8221;default&#8221; hover_enabled=&#8221;0&#8243; sticky_enabled=&#8221;0&#8243;]<\/p>\n<p>Regulile aplicabile \u00een cadrul GeoEcoMar<em>,<\/em>\u00a0atunci c\u00e2nd colecteaz\u0103 sau prelucreaz\u0103 date cu caracter personal, se bazeaz\u0103 pe urm\u0103toarele <strong>principii<\/strong>:<\/p>\n<ul>\n<li><strong>Principiul legalit\u0103\u021bii, echit\u0103\u021bii \u0219i transparen\u021bei<\/strong> \u2013 datele sunt prelucrate in mod legal, echitabil \u0219i transparent;<\/li>\n<li><strong>Principiul limit\u0103rii legate de scop<\/strong> \u2013 datele sunt colectate \u00een scopuri determinate, explicite \u0219i legitime \u0219i nu sunt prelucrate ulterior \u00eentr-un mod incompatibil cu aceste scopuri; prelucrarea ulterioar\u0103 \u00een scopuri de arhivare \u00een interes public, \u00een scopuri de cercetare \u0219tiin\u021bific\u0103 sau istoric\u0103 ori \u00een scopuri statistice nu este considerat\u0103 incompatibil\u0103 cu scopurile ini\u021biale;<\/li>\n<li><strong>Principiul reducerii la minimum a datelor<\/strong> \u2013 datele sunt adecvate, relevante \u0219i limitate la ceea ce este necesar \u00een raport cu scopurile \u00een care sunt prelucrate;<\/li>\n<li><strong>Principiul exactit\u0103\u021bii<\/strong> \u2013datele sunt exacte \u0219i, \u00een cazul \u00een care este necesar, vor fi actualizate; datele cu caracter personal inexacte av\u00e2nd \u00een vedere scopurile pentru care sunt prelucrate vor fi sterse sau rectificate f\u0103r\u0103 \u00eent\u00e2rziere;<\/li>\n<li><strong>Principiul limit\u0103rii legat de stocare<\/strong> \u2013 datele sunt p\u0103strate \u00eentr-o form\u0103 care permite identificarea dumneavoastr\u0103 pe o perioad\u0103 care nu dep\u0103\u0219e\u0219te perioada necesar\u0103 \u00eendeplinirii scopurilor prelucr\u0103rii; datele cu caracter personal vor fi stocate pe perioade mai lungi \u00een m\u0103sura \u00een care acestea vor fi prelucrate exclusiv \u00een scopuri de arhivare \u00een interes public, \u00een scopuri de cercetare \u0219tiin\u021bific\u0103 sau istoric\u0103 ori \u00een scopuri statistice;<\/li>\n<li><strong>Principiul integrit\u0103\u021bii \u0219i confiden\u021bialit\u0103\u021bii<\/strong> \u2013 datele sunt prelucrate \u00eentr-un mod care asigur\u0103 securitatea adecvat\u0103, inclusiv protec\u021bia \u00eempotriva prelucr\u0103rii neautorizate sau ilegale \u0219i \u00eempotriva pierderii, a distrugerii sau a deterior\u0103rii accidentale, prin luarea de m\u0103suri tehnice sau organizatorice corespunz\u0103toare.<\/li>\n<\/ul>\n<p>[\/et_pb_tab][et_pb_tab title=&#8221;Persoanele vizate&#8221; _builder_version=&#8221;4.7.6&#8243; _module_preset=&#8221;default&#8221; hover_enabled=&#8221;0&#8243; sticky_enabled=&#8221;0&#8243;]<\/p>\n<p>Categoriile de persoane vizate pentru prelucrarea datelor cu caracter personal \u00een cadrul GeoEcoMar sunt urm\u0103toarele<\/p>\n<ul>\n<li>salaria\u021bi \u0219i fo\u0219ti salaria\u021bi, membrii familiilor acestora;<\/li>\n<li>candida\u021bii pentru ocuparea pozi\u021biilor vacante din cadrul GeoEcoMar<\/li>\n<li>p\u0103r\u021bile semnatare ale contractelor si persoanele implicate \u00een \u00eencheierea si executarea contractelor;<br \/> participan\u021bii la evenimentele organizate sau sus\u021binute de GeoEcoMar;<\/li>\n<li>elevi si studen\u021bi;<\/li>\n<li>reprezentan\u021bi ai autorit\u0103tilor, institu\u021biilor publice \u0219i mass-media;<\/li>\n<li>persoane\/ vizitatori ce acceseaz\u0103 paginile site-ului <a href=\"https:\/\/geoecomar.ro\/en\/\">https:\/\/geoecomar.ro<\/a><\/li>\n<\/ul>\n<p>[\/et_pb_tab][\/et_pb_tabs][et_pb_text _builder_version=&#8221;4.7.6&#8243; background_size=&#8221;initial&#8221; background_position=&#8221;top_left&#8221; background_repeat=&#8221;repeat&#8221; hover_enabled=&#8221;0&#8243; header_2_font=&#8221;|700|||||||&#8221; header_2_text_color=&#8221;#1fb757&#8243; sticky_enabled=&#8221;0&#8243;]<\/p>\n<h2>Ce tipuri de date colect\u0103m \u0219i de ce le colect\u0103m<\/h2>\n<p>Datele personale pe care le colect\u0103m sau le stoc\u0103m de la dvs. vor fi prelucrate numai dup\u0103 ce GeoEcoMar se asigur\u0103 c\u0103 respect\u0103 cerintele Regulamentului privind legalitatea \u0219i legitimitatea prelucr\u0103rii acestor date:<\/p>\n<ul>\n<li>s\u0103 v\u0103 da\u021bi consim\u021b\u0103m\u00e2ntul pentru prelucrarea datelor cu caracter personal pentru unul sau mai multe scopuri specifice.<\/li>\n<li>prelucrarea s\u0103 fie necesar\u0103 pentru executarea unui contract la care dvs. sunte\u021bi parte sau pentru a face demersuri la cererea dumneavoastr\u0103 \u00eenainte de \u00eencheierea unui contract (excep\u021bie de la consimt\u0103m\u00e2nt);<\/li>\n<li>prelucrarea s\u0103 fie necesar\u0103 \u00een vederea \u00eendeplinirii unei obliga\u021bii legale care revine GeoEcomar (excep\u021bie de la consimt\u0103m\u00e2nt);<\/li>\n<li>prelucrarea s\u0103 fie necesar\u0103 \u00een scopul intereselor legitime urm\u0103rite de c\u0103tre noi sau de o parte ter\u021b\u0103, cu excep\u021bia cazului \u00een care prevaleaz\u0103 interesele sau drepturile \u0219i libert\u0103\u021bile fundamentale ale dvs., care necesit\u0103 protejarea datelor cu caracter personal, \u00een special atunci c\u00e2nd este vorba despre datele cu caracter personal ale unui copil (excep\u021bie de la consimt\u0103m\u00e2nt).<\/li>\n<\/ul>\n<p>Date furnizate c\u0103tre noi pot include:<\/p>\n<ul>\n<li>Date de identificare: numele \u0219i prenumele dvs., titlul stiintific, functia, compartimentul\/colectivul, CNP, adresa IP, nume utilizator, parola, adresa de e-mail, adresa po\u0219tal\u0103, num\u0103rul de telefon, date con\u021binute in CV-uri, date biometrice (voce, imagine), date colectate cu ocazia inregistrarii si particip\u0103rii la evenimente\/ac\u021biuni organizate de GeoEcoMar sau cu participarea GeoEcoMar (fotografii, video, postari pe retele sociale)<\/li>\n<li>date despre computerul\/dispozitivul dvs. \u0219i despre modul \u00een care dvs. \u0219i dispozitivul interac\u021biona\u021bi cu noi \u0219i cu produsele noastre.<\/li>\n<\/ul>\n<p>GeoEcoMar se oblig\u0103 ca datele colectate s\u0103 fie folosite numai \u00een conformitate cu scopurile declarate \u0219i s\u0103 nu fac\u0103 public\u0103, s\u0103 v\u00e2nd\u0103, \u00eenchirieze, licen\u021bieze, transfere etc. baza de date con\u021bin\u00e2nd informa\u021bii referitoare la datele cu caracter personal sau special ale persoanelor vizate vreunui ter\u021b neimplicat \u00een \u00eendeplinirea scopurilor declarate.<\/p>\n<p>GeoEcoMar nu opereaz\u0103 transferuri de date cu caracter personal c\u0103tre o \u021bar\u0103 ter\u021b\u0103 sau o organiza\u021bie interna\u021bional\u0103.<\/p>\n<p><!-- \/wp:post-content --><\/p>\n<p>[\/et_pb_text][et_pb_text _builder_version=&#8221;4.7.6&#8243; background_size=&#8221;initial&#8221; background_position=&#8221;top_left&#8221; background_repeat=&#8221;repeat&#8221; hover_enabled=&#8221;0&#8243; header_2_font=&#8221;|700|||||||&#8221; header_2_text_color=&#8221;#1fb757&#8243; sticky_enabled=&#8221;0&#8243;]<\/p>\n<h2>Scopul prelucr\u0103rii datelor cu caracter personal<\/h2>\n<p>GeoEcoMar colecteaz\u0103 si prelucreaz\u0103\u00a0 date cu caracter personal, \u00een urm\u0103toarele <strong>scopuri<\/strong>:<\/p>\n<ul>\n<li>asigurarea execut\u0103rii contractelor de cercetare-dezvoltare-inovare<\/li>\n<li>activit\u0103ti aferente managementului proiectelor<\/li>\n<li>\u00eendeplinirea obiectivelor de comunicare, diseminare, marketing \u0219i promovare, organizare de evenimente \u2013 comunicare pe canale media \u0219i re\u021bele de socializare<\/li>\n<li>gestionarea resurselor umane, arhiv\u0103 documente<\/li>\n<li>monitorizarea\/securitatea persoanelor, spa\u021biilor, bunurilor GeoEcoMar<\/li>\n<li>solu\u0163ionarea peti\u0163iilor\/ cererilor de informa\u0163ii publice<\/li>\n<\/ul>\n<p><!-- \/wp:heading --><\/p>\n<p>[\/et_pb_text][et_pb_text _builder_version=&#8221;4.7.6&#8243; background_size=&#8221;initial&#8221; background_position=&#8221;top_left&#8221; background_repeat=&#8221;repeat&#8221; hover_enabled=&#8221;0&#8243; header_2_font=&#8221;|700|||||||&#8221; header_2_text_color=&#8221;#1fb757&#8243; sticky_enabled=&#8221;0&#8243;]<\/p>\n<h2><strong>C\u00e2t timp i\u021bi p\u0103str\u0103m datele<\/strong><\/h2>\n<p>Datele cu caracter personal furnizate de dvs. \u00een mod direct vor fi stocate doar pentru perioada necesar\u0103 scopului pentru care au fost colectate.<\/p>\n<p>Dup\u0103 expirarea perioadei respective, datele corespunz\u0103toare sunt \u0219terse. Vor fi p\u0103strate doar acele date cu caracter personal care fac parte din acte \/ documente pentru care legea prevede un termen de arhivare conform nomenclatorului arhivistic propriu, intocmit conform Legii Arhivelor Nationale nr. 16\/1996, cu modificarile si completarile ulterioare. \u00a0La expirarea termenului legal de arhivare acestea vor fi distruse.<\/p>\n<p><!-- \/wp:heading --><\/p>\n<p>[\/et_pb_text][et_pb_text _builder_version=&#8221;4.7.6&#8243; background_size=&#8221;initial&#8221; background_position=&#8221;top_left&#8221; background_repeat=&#8221;repeat&#8221; hover_enabled=&#8221;0&#8243; header_2_font=&#8221;|700|||||||&#8221; header_2_text_color=&#8221;#1fb757&#8243; sticky_enabled=&#8221;0&#8243;]<\/p>\n<h2><strong>Contactarea prin website<\/strong><\/h2>\n<p>Website-ul <a href=\"#\">https:\/\/geoecomar.ro<\/a> permite contactul electronic precum \u0219i comunicarea direct\u0103 cu noi, prin completarea numelui si a unei adrese de email.<\/p>\n<p>Dac\u0103 o persoan\u0103 vizat\u0103 ne contacteaz\u0103 prin email sau prin formularul de contact, datele personale transmise de c\u0103tre aceasta \u00een mod voluntar sunt stocate automat. Astfel de date personale, transmise \u00een mod voluntar de c\u0103tre o persoan\u0103 vizat\u0103 c\u0103tre GeoEcoMar, sunt stocate pentru scopul prelucr\u0103rii \u0219i contact\u0103rii persoanei vizate.<\/p>\n<p>GeoEcoMar garanteaz\u0103 c\u0103 datele dvs. personale, colectate prin intermediul formularului de contact de pe site, vor fi folosite numai p\u00e2n\u0103 la solu\u021bionarea problemei comunicate de acesta, dup\u0103 care vor deveni date cu caracter exclusiv statistic. Datele vor fi p\u0103strate pentru o durata de maximum 3 ani de la momentul contact\u0103rii prin email sau prin formularul de contact. La finalul perioadei de stocare, datele vor fi sterse din baza de date a GeoEcoMar \u0219i a persoanelor imputernicite (dac\u0103 este cazul).<\/p>\n<p><!-- \/wp:heading --><\/p>\n<p>[\/et_pb_text][et_pb_text _builder_version=&#8221;4.7.6&#8243; background_size=&#8221;initial&#8221; background_position=&#8221;top_left&#8221; background_repeat=&#8221;repeat&#8221; hover_enabled=&#8221;0&#8243; header_2_font=&#8221;|700|||||||&#8221; header_2_text_color=&#8221;#1fb757&#8243; sticky_enabled=&#8221;0&#8243;]<\/p>\n<h2>Ce drepturi ai asupra datelor tale<\/h2>\n<p>\u00cen virtutea dreptului dvs. de control al datelor personale pe care le avem despre dumneavoastr\u0103, \u00een cazul \u00een care prelucrarea este efectuat\u0103 \u00een baza consim\u021b\u0103m\u00e2ntului, pute\u021bi opta pentru\/s\u0103:<\/p>\n<ul>\n<ul>\n<ul>\n<li><strong>Dreptul de a fi informat &#8211; <\/strong>se refer\u0103 la dreptul de a obtine informa\u021bii corecte cu privire la prelucrare datelor, \u00een ceea ce prive\u0219te modul \u00een care sunt utilizate datele dumneavoastr\u0103 cu caracter personal.<\/li>\n<li><strong>Dreptul de acces la date &#8211;<\/strong> \u00eenseamn\u0103 c\u0103 ave\u021bi dreptul de a ob\u021bine din partea noastr\u0103 o confirmare c\u0103 v\u0103 prelucr\u0103m sau nu date cu caracter personal, iar dac\u0103 da, v\u0103 oferim accesul la aceste date, precum \u0219i informa\u021bii despre cum sunt prelucrate.<\/li>\n<li><strong>Dreptul la portabilitatea datelor<\/strong> &#8211; se refer\u0103 la faptul c\u0103 pute\u021bi primi datele cu caracter personal \u00eentr-un format structurat, utilizat \u00een mod curent \u0219i care poate fi citit automat, precum \u0219i transmiterea acestor date altui operator.<\/li>\n<li><strong>Dreptul de opozi\u021bie <\/strong><strong>la prelucrarea datelor\u00a0<\/strong> &#8211; vizeaza dreptul de a v\u0103 opune prelucr\u0103rii datelor personale din motive intemeiate si legitime legate de situatia particular\u0103, ca datele cu caracter personal sa faca obiectul unei prelucrari, \u00een masura \u00een care sunt \u00eendeplinite conditiile legale<\/li>\n<li><strong>Dreptul la rectificare &#8211;<\/strong> se refer\u0103 la dreptul de a obtine rectificarea datelor inexacte, precum \u0219i completarea datelor incomplete<\/li>\n<li><strong>Dreptul la \u0219tergere (dreptul de a fi uitat)<\/strong> -\u00eenseamn\u0103 c\u0103 ave\u021bi dreptul s\u0103 v\u0103 \u0219tergem datele colectate \u00een oricare din urm\u0103toarele situa\u021bii: atunci c\u00e2nd nu mai sunt necesare pentru \u00eendeplinirea scopurilor pentru care au fost colectate, la retragerea consim\u021b\u0103m\u00e2ntului, la opunerea la prelucrare, colectarea ilegal\u0103, \u0219tergerea pentru respectarea unei obliga\u021bii legale .<\/li>\n<li><strong>Dreptul la restric\u021bionarea prelucr\u0103rii<\/strong> &#8211; poate fi exercitat dac\u0103 se contest\u0103 exactitatea datelor pe o anumit\u0103 perioad\u0103, suficient\u0103 pentru verificarea datelor, dac\u0103 prelucrarea este ilegal\u0103 dar nu se dore\u0219te \u0219tergerea datelor, doar restric\u021bionarea.<\/li>\n<li><strong style=\"font-size: 16px;\">Dreptul de a nu face obiectul unei decizii bazate exclusiv pe prelucrarea automat\u0103, inclusiv crearea de profiluri, <\/strong><span style=\"font-size: 16px;\">care produce efecte juridice care privesc persoana vizat\u0103 sau o afecteaz\u0103 \u00een mod similar \u00eentr-o m\u0103sur\u0103 semnificativ\u0103.<\/span><\/li>\n<li><strong style=\"font-size: 16px;\">Dreptul de a se adresa autoritatilor in domeniu\/justitiei<\/strong><span style=\"font-size: 16px;\">reprezinta dreptul de a adresa o pl\u00e2ngere Autoritatii Nationale de Supraveghere a Prelucrarii Datelor cu Caracter Personal (ANSPDCP) \u0219i respectiv de a se adresa justitiei pentru apararea oricaror drepturi garantate de legislatia aplicabila in domeniul protectiei datelor cu caracter personal, care au fost incalcate<\/span><strong style=\"font-size: 16px;\">.<\/strong><\/li>\n<\/ul>\n<\/ul>\n<\/ul>\n<p>Totodat\u0103 ave\u0163i dreptul de a v\u0103 retrage consim\u0163\u0103m\u00e2ntul \u00een orice moment \u00een form\u0103 scris\u0103, adresat\u0103 c\u0103tre GeoEcoMar, acest lucru neafect\u00e2nd prelucrarea efectuat\u0103 pe baza consim\u021b\u0103m\u00e2ntului \u00eenainte de retragerea acestuia.<\/p>\n<p>Pentru exercitarea acestor drepturi, orice persoana vizat\u0103 se poate adresa responsabilului de protec\u0163ia datelor din cadrul GeoEcoMar cu o cerere scris\u0103, datat\u0103 \u015fi semnat\u0103 la adresa de e-mail contact@geoecomar.ro sau prin post\u0103, la adresa de coresponden\u0163\u0103: Bucuresti, str. Dimitrie Onciul nr. 23-25, sector 2.<\/p>\n<p><!-- \/wp:heading --><\/p>\n<p>[\/et_pb_text][\/et_pb_column][\/et_pb_row][\/et_pb_section]<\/p>\n","protected":false},"excerpt":{"rendered":"<p>Institutul Na\u0163ional de Cercetare-Dezvoltare pentru Geologie \u0219i Geoecologie Marin\u0103 (GeoEcoMar) &#8211; prelucreaz\u0103 \u00een condi\u021bii de siguran\u021b\u0103 si numai pentru scopurile specificate datele personale pe care le furnizati pe acest site (www.geoecomar.ro), conform cerin\u021belor Legii nr. 677\/2001 pentru protectia persoanelor cu privire la prelucrarea datelor cu caracter personal si libera circulatie a acestor date, modificat\u0103 si [&hellip;]<\/p>\n","protected":false},"author":1,"featured_media":0,"parent":0,"menu_order":0,"comment_status":"closed","ping_status":"open","template":"","meta":{"_acf_changed":false,"_et_pb_use_builder":"on","_et_pb_old_content":"","_et_gb_content_width":"","footnotes":""},"class_list":["post-6535","page","type-page","status-publish","hentry"],"acf":[],"_links":{"self":[{"href":"https:\/\/geoecomar.ro\/en\/wp-json\/wp\/v2\/pages\/6535","targetHints":{"allow":["GET"]}}],"collection":[{"href":"https:\/\/geoecomar.ro\/en\/wp-json\/wp\/v2\/pages"}],"about":[{"href":"https:\/\/geoecomar.ro\/en\/wp-json\/wp\/v2\/types\/page"}],"author":[{"embeddable":true,"href":"https:\/\/geoecomar.ro\/en\/wp-json\/wp\/v2\/users\/1"}],"replies":[{"embeddable":true,"href":"https:\/\/geoecomar.ro\/en\/wp-json\/wp\/v2\/comments?post=6535"}],"version-history":[{"count":3,"href":"https:\/\/geoecomar.ro\/en\/wp-json\/wp\/v2\/pages\/6535\/revisions"}],"predecessor-version":[{"id":6575,"href":"https:\/\/geoecomar.ro\/en\/wp-json\/wp\/v2\/pages\/6535\/revisions\/6575"}],"wp:attachment":[{"href":"https:\/\/geoecomar.ro\/en\/wp-json\/wp\/v2\/media?parent=6535"}],"curies":[{"name":"wp","href":"https:\/\/api.w.org\/{rel}","templated":true}]}}